{"id":44,"date":"2018-03-20T16:23:03","date_gmt":"2018-03-20T16:23:03","guid":{"rendered":"http:\/\/www.hierontajomia.fi\/?page_id=44"},"modified":"2022-05-10T21:11:23","modified_gmt":"2022-05-10T21:11:23","slug":"palvelut","status":"publish","type":"page","link":"https:\/\/www.hierontajomia.fi\/?page_id=44","title":{"rendered":"Palvelut"},"content":{"rendered":"<p>Mielest\u00e4ni jokaisella on oikeus hierontaan. Siksi haluan tarjota ammattitaitoni k\u00e4ytt\u00f6\u00f6si, edullisilla hinnoilla.<\/p>\n<p>Olen valmistunut Relaxi hierojakoulusta 01\/2018<\/p>\n<p>Keskim\u00e4\u00e4rin teen 15 asiakashierontaa kuukaudessa.<\/p>\n<blockquote>\n<p style=\"text-align: left;\">Tiesitk\u00f6, ett\u00e4 voit tarkastaa jokaisen Koulutetun Hierojan ammattioikeudet Valviran yll\u00e4pit\u00e4m\u00e4st\u00e4 rekisterist\u00e4?<\/p>\n<p style=\"text-align: left;\">Vieraile osoitteessa\u00a0<a href=\"https:\/\/julkiterhikki.valvira.fi\/\" target=\"_blank\" rel=\"noopener noreferrer\">https:\/\/julkiterhikki.valvira.fi\/<\/a><\/p>\n<p>Minut l\u00f6yd\u00e4t rekisterist\u00e4 nimell\u00e4 Joni Antila, rekister\u00f6intinumero: 50606401821.<\/p><\/blockquote>\n<p><span style=\"color: #ff9900;\">Vastaanotolla Loyerin monipuolinen s\u00e4hk\u00f6inen hierontap\u00f6yt\u00e4. Mahdollistaa entist\u00e4kin paremman hieronnan. Tervetuloa kokeilemaan!<\/span><\/p>\n<p>Kotik\u00e4ynneill\u00e4 k\u00e4yt\u00f6ss\u00e4 Jaccaran matkahierontap\u00f6yt\u00e4.<\/p>\n<p>V\u00e4liaineena k\u00e4yt\u00e4n <a href=\"http:\/\/www.paperplast.fi\/product\/1228\/paplaset-valkovaseliini-500-ml\" target=\"_blank\" rel=\"noopener noreferrer\">Papla Set\u00ae valkovaseliinia<\/a>, joka t\u00e4ysin allergiavapaa tuote ja soveltuu esim. atoopikoille tai herkk\u00e4-ihoisille.<\/p>\n<p>Hieronnat toteutetaan joko toimipisteell\u00e4 tai asiakkaan luona kotik\u00e4yntin\u00e4.<\/p>\n<p><strong>Huomioi kotik\u00e4ynniss\u00e4<\/strong> hierontap\u00f6yd\u00e4n sek\u00e4 hierojan vaatima tila yhteens\u00e4 v\u00e4hint\u00e4\u00e4n:\u00a02,5m x 1,5m kokoinen tyhj\u00e4 alue.<\/p>\n<p><a href=\"https:\/\/www.hierontajomia.fi\/?page_id=43\">Hinnastosta<\/a> l\u00f6yd\u00e4t tarkemmat hintatiedot kaikille hieronnoille.<\/p>\n<p><span style=\"color: #99cc00;\">Minulta saa ostettua my\u00f6s lahjakortteja!<\/span><\/p>\n","protected":false},"excerpt":{"rendered":"<p>Mielest\u00e4ni jokaisella on oikeus hierontaan. Siksi haluan tarjota ammattitaitoni k\u00e4ytt\u00f6\u00f6si, edullisilla hinnoilla. Olen valmistunut Relaxi hierojakoulusta 01\/2018 Keskim\u00e4\u00e4rin teen 15 asiakashierontaa kuukaudessa. Tiesitk\u00f6, ett\u00e4 voit tarkastaa jokaisen Koulutetun Hierojan ammattioikeudet Valviran yll\u00e4pit\u00e4m\u00e4st\u00e4 rekisterist\u00e4? Vieraile osoitteessa\u00a0https:\/\/julkiterhikki.valvira.fi\/ Minut l\u00f6yd\u00e4t rekisterist\u00e4 nimell\u00e4 Joni Antila, rekister\u00f6intinumero: 50606401821. Vastaanotolla Loyerin monipuolinen s\u00e4hk\u00f6inen hierontap\u00f6yt\u00e4. Mahdollistaa entist\u00e4kin paremman hieronnan. Tervetuloa kokeilemaan! Kotik\u00e4ynneill\u00e4 [&hellip;]<\/p>\n","protected":false},"author":1,"featured_media":0,"parent":0,"menu_order":0,"comment_status":"closed","ping_status":"closed","template":"","meta":{"footnotes":""},"class_list":["post-44","page","type-page","status-publish","czr-hentry"],"_links":{"self":[{"href":"https:\/\/www.hierontajomia.fi\/index.php?rest_route=\/wp\/v2\/pages\/44","targetHints":{"allow":["GET"]}}],"collection":[{"href":"https:\/\/www.hierontajomia.fi\/index.php?rest_route=\/wp\/v2\/pages"}],"about":[{"href":"https:\/\/www.hierontajomia.fi\/index.php?rest_route=\/wp\/v2\/types\/page"}],"author":[{"embeddable":true,"href":"https:\/\/www.hierontajomia.fi\/index.php?rest_route=\/wp\/v2\/users\/1"}],"replies":[{"embeddable":true,"href":"https:\/\/www.hierontajomia.fi\/index.php?rest_route=%2Fwp%2Fv2%2Fcomments&post=44"}],"version-history":[{"count":25,"href":"https:\/\/www.hierontajomia.fi\/index.php?rest_route=\/wp\/v2\/pages\/44\/revisions"}],"predecessor-version":[{"id":330,"href":"https:\/\/www.hierontajomia.fi\/index.php?rest_route=\/wp\/v2\/pages\/44\/revisions\/330"}],"wp:attachment":[{"href":"https:\/\/www.hierontajomia.fi\/index.php?rest_route=%2Fwp%2Fv2%2Fmedia&parent=44"}],"curies":[{"name":"wp","href":"https:\/\/api.w.org\/{rel}","templated":true}]}}