{"id":43,"date":"2018-03-20T16:23:03","date_gmt":"2018-03-20T16:23:03","guid":{"rendered":"http:\/\/www.hierontajomia.fi\/?page_id=43"},"modified":"2025-04-02T22:13:25","modified_gmt":"2025-04-02T19:13:25","slug":"hinnasto","status":"publish","type":"page","link":"https:\/\/www.hierontajomia.fi\/?page_id=43","title":{"rendered":"Hinnasto"},"content":{"rendered":"<p>Voimassa oleva hinnasto 2025 <strong><span style=\"text-decoration: underline;\">toimipisteell\u00e4<\/span><\/strong><span style=\"font-family: Verdana, Geneva, sans-serif;\">:<\/span><\/p>\n<p><em>Hinta per henkil\u00f6<\/em><\/p>\n<p><strong>Hieronta\u00a0 45min:<\/strong>\u00a0 <em>25\u20ac\u00a0\u00a0<\/em><\/p>\n<p><strong>Hieronta\u00a0 60min:<\/strong> \u00a0<em>30\u20ac<\/em><em>\u00a0<\/em><\/p>\n<p><strong>Hieronta\u00a0 90min:<\/strong> \u00a0<em>45\u20ac<\/em><em>\u00a0<\/em><\/p>\n<p><strong>Hieronta\u00a0 120min:<\/strong> <em>55\u20ac<\/em><em>\u00a0<\/em><\/p>\n<p>&nbsp;<\/p>\n<p>Voimassa oleva hinnasto 2025 <strong><span style=\"text-decoration: underline;\">asiakkaan kotona (kotik\u00e4ynti):<\/span><\/strong><\/p>\n<p><em><span style=\"color: #000000;\">(max. 8km et\u00e4isyys toimipisteest\u00e4, muusta sovitaan erikseen)<\/span><\/em><\/p>\n<p><em>Hinta per henkil\u00f6<\/em><\/p>\n<p><strong>Hieronta\u00a0 45min:<\/strong>\u00a0 <em>30\u20ac\u00a0\u00a0<\/em><\/p>\n<p><strong>Hieronta\u00a0 60min:<\/strong>\u00a0 <em>35\u20ac\u00a0<\/em><\/p>\n<p><strong>Hieronta\u00a0 90min:<\/strong>\u00a0 <em>50\u20ac<\/em><em>\u00a0<\/em><\/p>\n<p><strong>Hieronta\u00a0 120min:<\/strong> <em>60\u20ac<\/em><em>\u00a0<\/em><\/p>\n<p>&nbsp;<\/p>\n<p>Hieronta-aikaan sis\u00e4llytet\u00e4\u00e4n haastattelu, tutkiminen, hieronta ja j\u00e4lkihoito.<\/p>\n<p><span style=\"color: #000000;\">\u00a0<\/span><\/p>\n<hr \/>\n<p><span style=\"color: #000000;\">Kaverille kans? Ilahduta yst\u00e4v\u00e4\u00e4 hierontalahjakortilla.<\/span><\/p>\n<p><a href=\"https:\/\/www.hierontajomia.fi\/wp-content\/uploads\/2025\/04\/kuva.jpg\"><img loading=\"lazy\" decoding=\"async\" class=\"wp-image-378 alignnone\" src=\"https:\/\/www.hierontajomia.fi\/wp-content\/uploads\/2025\/04\/kuva.jpg\" alt=\"\" width=\"439\" height=\"99\" srcset=\"https:\/\/www.hierontajomia.fi\/wp-content\/uploads\/2025\/04\/kuva.jpg 1272w, https:\/\/www.hierontajomia.fi\/wp-content\/uploads\/2025\/04\/kuva-300x68.jpg 300w, https:\/\/www.hierontajomia.fi\/wp-content\/uploads\/2025\/04\/kuva-1024x231.jpg 1024w, https:\/\/www.hierontajomia.fi\/wp-content\/uploads\/2025\/04\/kuva-768x173.jpg 768w\" sizes=\"auto, (max-width: 439px) 100vw, 439px\" \/><\/a><\/p>\n<hr \/>\n<p>Maksutavat toimipisteell\u00e4 sek\u00e4 kotik\u00e4ynnill\u00e4: Korttimaksu, k\u00e4teinen tai <span style=\"color: #ff6600;\">epassi<\/span><\/p>\n<p>&nbsp;<\/p>\n<p><a href=\"https:\/\/www.hierontajomia.fi\/wp-content\/uploads\/2025\/04\/izettlekuva.jpg\"><img loading=\"lazy\" decoding=\"async\" class=\" wp-image-376 alignnone\" src=\"https:\/\/www.hierontajomia.fi\/wp-content\/uploads\/2025\/04\/izettlekuva-300x205.jpg\" alt=\"\" width=\"347\" height=\"237\" srcset=\"https:\/\/www.hierontajomia.fi\/wp-content\/uploads\/2025\/04\/izettlekuva-300x205.jpg 300w, https:\/\/www.hierontajomia.fi\/wp-content\/uploads\/2025\/04\/izettlekuva.jpg 523w\" sizes=\"auto, (max-width: 347px) 100vw, 347px\" \/> <\/a><a href=\"https:\/\/www.hierontajomia.fi\/wp-content\/uploads\/2025\/04\/Kateinenkuva.jpg\"><img loading=\"lazy\" decoding=\"async\" class=\"size-medium wp-image-377 alignnone\" src=\"https:\/\/www.hierontajomia.fi\/wp-content\/uploads\/2025\/04\/Kateinenkuva-300x239.jpg\" alt=\"\" width=\"300\" height=\"239\" srcset=\"https:\/\/www.hierontajomia.fi\/wp-content\/uploads\/2025\/04\/Kateinenkuva-300x239.jpg 300w, https:\/\/www.hierontajomia.fi\/wp-content\/uploads\/2025\/04\/Kateinenkuva.jpg 447w\" sizes=\"auto, (max-width: 300px) 100vw, 300px\" \/><\/a> <a href=\"https:\/\/www.hierontajomia.fi\/wp-content\/uploads\/2025\/04\/wellbeing-light.png\"><img loading=\"lazy\" decoding=\"async\" class=\"alignnone wp-image-374 \" src=\"https:\/\/www.hierontajomia.fi\/wp-content\/uploads\/2025\/04\/wellbeing-light-300x300.png\" alt=\"\" width=\"240\" height=\"240\" srcset=\"https:\/\/www.hierontajomia.fi\/wp-content\/uploads\/2025\/04\/wellbeing-light-300x300.png 300w, https:\/\/www.hierontajomia.fi\/wp-content\/uploads\/2025\/04\/wellbeing-light-1024x1024.png 1024w, https:\/\/www.hierontajomia.fi\/wp-content\/uploads\/2025\/04\/wellbeing-light-150x150.png 150w, https:\/\/www.hierontajomia.fi\/wp-content\/uploads\/2025\/04\/wellbeing-light-768x768.png 768w, https:\/\/www.hierontajomia.fi\/wp-content\/uploads\/2025\/04\/wellbeing-light-1536x1536.png 1536w, https:\/\/www.hierontajomia.fi\/wp-content\/uploads\/2025\/04\/wellbeing-light-2048x2048.png 2048w, https:\/\/www.hierontajomia.fi\/wp-content\/uploads\/2025\/04\/wellbeing-light-510x510.png 510w\" sizes=\"auto, (max-width: 240px) 100vw, 240px\" \/><\/a><\/p>\n<p>&nbsp;<\/p>\n<p>Epassilla maksaessa tulee ty\u00f6nantajan olla sallinut <strong>hyvinvointiedun<\/strong> k\u00e4ytt\u00f6. <span style=\"color: #ff6600;\">Hierontaa <em>ei voi<\/em> <em>maksaa<\/em> muilla etutyypeill\u00e4!<\/span> Tarkista omat etutyyppisi epassin sovelluksesta kohdasta &#8221;Saldot &gt; Etutiedot&#8221;.\u00a0<\/p>\n<p>Etu on henkil\u00f6kohtainen!<\/p>\n<hr \/>\n<p>&nbsp;<\/p>\n<p>Kuitin saat halutessasi s\u00e4hk\u00f6postiin tai puhelimeen tekstiviestill\u00e4.<\/p>\n<p>Sairaskassat ym. vastaavat vaativat yleens\u00e4 lis\u00e4tietoja kuitille ja t\u00e4llainen kuitti voidaan my\u00f6s tehd\u00e4 tarpeen tullen.<\/p>\n<p>&nbsp;<\/p>\n<p>&nbsp;<\/p>\n<blockquote>\n<p>Hierontapalveluiden\u00a0<span class=\"fontstyle0\">verottomuuden peruste: arvonlis\u00e4verolaki \u00a734:<\/span><\/p>\n<p><em>&#8221;Veroa ei suoriteta terveyden- ja sairaanhoitopalvelun myynnist\u00e4.&#8221;<\/em><\/p>\n<\/blockquote>\n\n\n<p><\/p>\n","protected":false},"excerpt":{"rendered":"<p>Voimassa oleva hinnasto 2025 toimipisteell\u00e4: Hinta per henkil\u00f6 Hieronta\u00a0 45min:\u00a0 25\u20ac\u00a0\u00a0 Hieronta\u00a0 60min: \u00a030\u20ac\u00a0 Hieronta\u00a0 90min: \u00a045\u20ac\u00a0 Hieronta\u00a0 120min: 55\u20ac\u00a0 &nbsp; Voimassa oleva hinnasto 2025 asiakkaan kotona (kotik\u00e4ynti): (max. 8km et\u00e4isyys toimipisteest\u00e4, muusta sovitaan erikseen) Hinta per henkil\u00f6 Hieronta\u00a0 45min:\u00a0 30\u20ac\u00a0\u00a0 Hieronta\u00a0 60min:\u00a0 35\u20ac\u00a0 Hieronta\u00a0 90min:\u00a0 50\u20ac\u00a0 Hieronta\u00a0 120min: 60\u20ac\u00a0 &nbsp; Hieronta-aikaan sis\u00e4llytet\u00e4\u00e4n haastattelu, tutkiminen, [&hellip;]<\/p>\n","protected":false},"author":1,"featured_media":0,"parent":0,"menu_order":0,"comment_status":"closed","ping_status":"closed","template":"","meta":{"footnotes":""},"class_list":["post-43","page","type-page","status-publish","czr-hentry"],"_links":{"self":[{"href":"https:\/\/www.hierontajomia.fi\/index.php?rest_route=\/wp\/v2\/pages\/43","targetHints":{"allow":["GET"]}}],"collection":[{"href":"https:\/\/www.hierontajomia.fi\/index.php?rest_route=\/wp\/v2\/pages"}],"about":[{"href":"https:\/\/www.hierontajomia.fi\/index.php?rest_route=\/wp\/v2\/types\/page"}],"author":[{"embeddable":true,"href":"https:\/\/www.hierontajomia.fi\/index.php?rest_route=\/wp\/v2\/users\/1"}],"replies":[{"embeddable":true,"href":"https:\/\/www.hierontajomia.fi\/index.php?rest_route=%2Fwp%2Fv2%2Fcomments&post=43"}],"version-history":[{"count":44,"href":"https:\/\/www.hierontajomia.fi\/index.php?rest_route=\/wp\/v2\/pages\/43\/revisions"}],"predecessor-version":[{"id":384,"href":"https:\/\/www.hierontajomia.fi\/index.php?rest_route=\/wp\/v2\/pages\/43\/revisions\/384"}],"wp:attachment":[{"href":"https:\/\/www.hierontajomia.fi\/index.php?rest_route=%2Fwp%2Fv2%2Fmedia&parent=43"}],"curies":[{"name":"wp","href":"https:\/\/api.w.org\/{rel}","templated":true}]}}