{"id":2,"date":"2018-03-18T15:37:12","date_gmt":"2018-03-18T15:37:12","guid":{"rendered":"http:\/\/www.hierontajomia.fi\/?page_id=2"},"modified":"2025-04-02T21:07:26","modified_gmt":"2025-04-02T18:07:26","slug":"about","status":"publish","type":"page","link":"https:\/\/www.hierontajomia.fi\/","title":{"rendered":"Etusivu"},"content":{"rendered":"<h1>Onko jumia? Tilaa Hieronta Jomia!<\/h1>\n<p style=\"padding-left: 30px;\"><span style=\"color: #ff9900;\">Olen 31-vuotias, Valviran hyv\u00e4ksym\u00e4: Koulutettu hieroja.\u00a0<\/span><\/p>\n<p style=\"text-align: left; padding-left: 80px;\"><span style=\"color: #ff9900;\">Vastaanotolla Loyerin monipuolinen s\u00e4hk\u00f6inen hierontap\u00f6yt\u00e4. Mahdollistaa entist\u00e4kin paremman hieronnan. Tervetuloa kokeilemaan!<\/span><\/p>\n<p style=\"padding-left: 30px;\"><span style=\"color: #ff9900;\">Toimin sivutoimisena yritt\u00e4j\u00e4n\u00e4, Tarjoan hierontahoitoja arki-iltaisin.<\/span><\/p>\n<h3><span style=\"color: #008000;\">Tiedoksi asiakkaille:<\/span><\/h3>\n<h3><span style=\"color: #008000;\">Suoritan AMK-insin\u00f6\u00f6ri opintoja, mist\u00e4 johtuen hieronta-aikoja tulee olemaan rajallisemmin saatavilla.\u00a0<\/span><\/h3>\n<p><span style=\"color: #ff0000;\">Seuraavien oireiden ilmaantuessa peruuta aikasi matalalla kynnyksell\u00e4:<\/span><\/p>\n<p style=\"padding-left: 80px;\"><span style=\"color: #ff0000;\">Jos sinulla on liev\u00e4n hengitystieinfektion oireita, ja\/tai nuhaa, ysk\u00e4\u00e4, kurkkukipua, lihass\u00e4rky\u00e4 tai kuumetta.<\/span><\/p>\n<p>Voit varata ajan vastaanottooni <a href=\"https:\/\/www.hierontajomia.fi\/?page_id=52\">ajanvaraus-<\/a>osiosta milloin vain!<\/p>\n<p>Kaikki varaukset ja kotik\u00e4ynnit ajanvarauspalvelusta, puhelimitse tai s\u00e4hk\u00f6postitse. Yhteystiedot l\u00f6yd\u00e4t <a href=\"https:\/\/www.hierontajomia.fi\/?page_id=51\">t\u00e4\u00e4lt\u00e4<\/a><\/p>\n<p><span style=\"color: #339966;\">Tervetuloa rentoutumaan! <\/span><\/p>\n<p>&nbsp;<\/p>\n<p><span style=\"color: #339966;\"><span style=\"color: #ff6600;\">Uutta!: Passita itsesi hierontaan!<\/span> <a href=\"https:\/\/www.hierontajomia.fi\/wp-content\/uploads\/2025\/04\/Epassi_logo_color.png\"><img loading=\"lazy\" decoding=\"async\" class=\"wp-image-372  alignnone\" src=\"https:\/\/www.hierontajomia.fi\/wp-content\/uploads\/2025\/04\/Epassi_logo_color.png\" alt=\"\" width=\"131\" height=\"41\" srcset=\"https:\/\/www.hierontajomia.fi\/wp-content\/uploads\/2025\/04\/Epassi_logo_color.png 608w, https:\/\/www.hierontajomia.fi\/wp-content\/uploads\/2025\/04\/Epassi_logo_color-300x94.png 300w\" sizes=\"auto, (max-width: 131px) 100vw, 131px\" \/><\/a><\/span><\/p>\n\n\n<p><\/p>\n","protected":false},"excerpt":{"rendered":"<p>Onko jumia? Tilaa Hieronta Jomia! Olen 31-vuotias, Valviran hyv\u00e4ksym\u00e4: Koulutettu hieroja.\u00a0 Vastaanotolla Loyerin monipuolinen s\u00e4hk\u00f6inen hierontap\u00f6yt\u00e4. Mahdollistaa entist\u00e4kin paremman hieronnan. Tervetuloa kokeilemaan! Toimin sivutoimisena yritt\u00e4j\u00e4n\u00e4, Tarjoan hierontahoitoja arki-iltaisin. Tiedoksi asiakkaille: Suoritan AMK-insin\u00f6\u00f6ri opintoja, mist\u00e4 johtuen hieronta-aikoja tulee olemaan rajallisemmin saatavilla.\u00a0 Seuraavien oireiden ilmaantuessa peruuta aikasi matalalla kynnyksell\u00e4: Jos sinulla on liev\u00e4n hengitystieinfektion oireita, ja\/tai nuhaa, [&hellip;]<\/p>\n","protected":false},"author":1,"featured_media":0,"parent":0,"menu_order":0,"comment_status":"open","ping_status":"open","template":"","meta":{"footnotes":""},"class_list":["post-2","page","type-page","status-publish","czr-hentry"],"_links":{"self":[{"href":"https:\/\/www.hierontajomia.fi\/index.php?rest_route=\/wp\/v2\/pages\/2","targetHints":{"allow":["GET"]}}],"collection":[{"href":"https:\/\/www.hierontajomia.fi\/index.php?rest_route=\/wp\/v2\/pages"}],"about":[{"href":"https:\/\/www.hierontajomia.fi\/index.php?rest_route=\/wp\/v2\/types\/page"}],"author":[{"embeddable":true,"href":"https:\/\/www.hierontajomia.fi\/index.php?rest_route=\/wp\/v2\/users\/1"}],"replies":[{"embeddable":true,"href":"https:\/\/www.hierontajomia.fi\/index.php?rest_route=%2Fwp%2Fv2%2Fcomments&post=2"}],"version-history":[{"count":34,"href":"https:\/\/www.hierontajomia.fi\/index.php?rest_route=\/wp\/v2\/pages\/2\/revisions"}],"predecessor-version":[{"id":375,"href":"https:\/\/www.hierontajomia.fi\/index.php?rest_route=\/wp\/v2\/pages\/2\/revisions\/375"}],"wp:attachment":[{"href":"https:\/\/www.hierontajomia.fi\/index.php?rest_route=%2Fwp%2Fv2%2Fmedia&parent=2"}],"curies":[{"name":"wp","href":"https:\/\/api.w.org\/{rel}","templated":true}]}}